{"id":3976,"date":"2023-10-03T08:01:23","date_gmt":"2023-10-03T08:01:23","guid":{"rendered":"https:\/\/tplabs.co\/tombuild\/?page_id=3976"},"modified":"2023-10-03T08:01:23","modified_gmt":"2023-10-03T08:01:23","slug":"blog-grid","status":"publish","type":"page","link":"https:\/\/iapcneves.org.br\/novo\/blog-grid\/","title":{"rendered":"Blog Grid"},"content":{"rendered":"\t\t<div data-elementor-type=\"wp-page\" data-elementor-id=\"3976\" class=\"elementor elementor-3976\">\n\t\t\t\t\t\t<section class=\"elementor-section elementor-top-section elementor-element elementor-element-df20542 elementor-section-boxed elementor-section-height-default elementor-section-height-default wpr-particle-no wpr-jarallax-no wpr-parallax-no wpr-sticky-section-no\" data-id=\"df20542\" data-element_type=\"section\">\n\t\t\t\t\t\t<div class=\"elementor-container elementor-column-gap-default\">\n\t\t\t\t\t<div class=\"elementor-column elementor-col-100 elementor-top-column elementor-element elementor-element-a7dc985\" data-id=\"a7dc985\" data-element_type=\"column\">\n\t\t\t<div class=\"elementor-widget-wrap elementor-element-populated\">\n\t\t\t\t\t\t<div class=\"elementor-element elementor-element-ec30f0d elementor-widget elementor-widget-spacer\" data-id=\"ec30f0d\" data-element_type=\"widget\" data-widget_type=\"spacer.default\">\n\t\t\t\t<div class=\"elementor-widget-container\">\n\t\t\t<style>\/*! elementor - v3.23.0 - 05-08-2024 *\/\n.elementor-column .elementor-spacer-inner{height:var(--spacer-size)}.e-con{--container-widget-width:100%}.e-con-inner>.elementor-widget-spacer,.e-con>.elementor-widget-spacer{width:var(--container-widget-width,var(--spacer-size));--align-self:var(--container-widget-align-self,initial);--flex-shrink:0}.e-con-inner>.elementor-widget-spacer>.elementor-widget-container,.e-con>.elementor-widget-spacer>.elementor-widget-container{height:100%;width:100%}.e-con-inner>.elementor-widget-spacer>.elementor-widget-container>.elementor-spacer,.e-con>.elementor-widget-spacer>.elementor-widget-container>.elementor-spacer{height:100%}.e-con-inner>.elementor-widget-spacer>.elementor-widget-container>.elementor-spacer>.elementor-spacer-inner,.e-con>.elementor-widget-spacer>.elementor-widget-container>.elementor-spacer>.elementor-spacer-inner{height:var(--container-widget-height,var(--spacer-size))}.e-con-inner>.elementor-widget-spacer.elementor-widget-empty,.e-con>.elementor-widget-spacer.elementor-widget-empty{position:relative;min-height:22px;min-width:22px}.e-con-inner>.elementor-widget-spacer.elementor-widget-empty .elementor-widget-empty-icon,.e-con>.elementor-widget-spacer.elementor-widget-empty .elementor-widget-empty-icon{position:absolute;top:0;bottom:0;left:0;right:0;margin:auto;padding:0;width:22px;height:22px}<\/style>\t\t<div class=\"elementor-spacer\">\n\t\t\t<div class=\"elementor-spacer-inner\"><\/div>\n\t\t<\/div>\n\t\t\t\t<\/div>\n\t\t\t\t<\/div>\n\t\t\t\t<div class=\"elementor-element elementor-element-2cc84d0 align-center heading-default elementor-widget elementor-widget-mae-headings\" data-id=\"2cc84d0\" data-element_type=\"widget\" data-widget_type=\"mae-headings.default\">\n\t\t\t\t<div class=\"elementor-widget-container\">\n\t\t\t\t\t<div class=\"master-heading sep-none\">\n\t\t\t\t\t\t\t        \n\t        \n\t        \t        <h2 class=\"main-heading\">Construction and Engineering \u2014 News and Insights<span class=\"accent-color\">.<\/span><\/h2>\n\t        \n\t        \n\t        \t            <div class=\"sub-heading\">View recent Construction and Engineering product announcements, updates, and more.<\/div>\n\t        \t    <\/div>\n\t    \t\t<\/div>\n\t\t\t\t<\/div>\n\t\t\t\t<div class=\"elementor-element elementor-element-1fc4777 hover-eff-5 line-hover news-style-1 author-default elementor-widget elementor-widget-mae-news-grid\" data-id=\"1fc4777\" data-element_type=\"widget\" data-widget_type=\"mae-news-grid.default\">\n\t\t\t\t<div class=\"elementor-widget-container\">\n\t\t\t\n        <div class=\"master-portfolio\" data-config='{\"columns\":3,\"columnsTablet\":2,\"columnsMobile\":1,\"gapHorizontal\":30,\"gapVertical\":30,\"layoutMode\":\"grid\"}'>\n            <div class=\"galleries cbp\">\n                                    \n                        <div class=\"cbp-item\">\n                            <div class=\"master-news item-carousel\">\n                                <div class=\"image-wrap\"><a class=\"thumb\" href=\"https:\/\/iapcneves.org.br\/novo\/2024\/09\/30\/galerias-de-fotos\/\" aria-label=\"Galerias de Fotos\"><span class=\"inner\"><img fetchpriority=\"high\" width=\"370\" height=\"200\" src=\"https:\/\/iapcneves.org.br\/novo\/wp-content\/uploads\/2024\/09\/how-to-teach-your-kids-to-donate-to-charity-370x200.jpg\" class=\"attachment-mae-news size-mae-news wp-post-image\" alt=\"\" decoding=\"async\" \/><\/span><\/a><\/div><div class=\"content-wrap\"><div class=\"post-meta\">                <span class=\"post-meta-categories item\">                <a href=\"https:\/\/iapcneves.org.br\/novo\/category\/informativos\/\" rel=\"category tag\">Informativos<\/a>                <\/span>\n            <\/div><h3 class=\"headline-2\"><a href=\"https:\/\/iapcneves.org.br\/novo\/2024\/09\/30\/galerias-de-fotos\/\">Galerias de Fotos<\/a><\/h3><div class=\"desc\">Acesse nossas Galerias de fotos conhe\u00e7a o nosso trabalho....<\/div><div class=\"sep\"><\/div><div class=\"bottom-wrap\">            <div class=\"url-wrap\">\n                <a class=\"master-link  icon-none\" href=\"https:\/\/iapcneves.org.br\/novo\/2024\/09\/30\/galerias-de-fotos\/\">\n                                        <span>Read More<\/span>\n                                    <\/a>\n            <\/div>\n\n            <div class=\"post-meta\"><\/div><\/div><\/div>        \n                            <\/div>\n                        <\/div>\n                    \n                        <div class=\"cbp-item\">\n                            <div class=\"master-news item-carousel\">\n                                <div class=\"image-wrap\"><a class=\"thumb\" href=\"https:\/\/iapcneves.org.br\/novo\/2024\/09\/30\/campanha-outubro-rosa-e-novembro-azul\/\" aria-label=\"Campanha Outubro Rosa e Novembro Azul\"><span class=\"inner\"><img width=\"370\" height=\"200\" src=\"https:\/\/iapcneves.org.br\/novo\/wp-content\/uploads\/2024\/09\/Outubro_rosa_e_novembro_azul_2019-370x200.jpg\" class=\"attachment-mae-news size-mae-news wp-post-image\" alt=\"\" decoding=\"async\" \/><\/span><\/a><\/div><div class=\"content-wrap\"><div class=\"post-meta\">                <span class=\"post-meta-categories item\">                <a href=\"https:\/\/iapcneves.org.br\/novo\/category\/informativos\/\" rel=\"category tag\">Informativos<\/a>                <\/span>\n            <\/div><h3 class=\"headline-2\"><a href=\"https:\/\/iapcneves.org.br\/novo\/2024\/09\/30\/campanha-outubro-rosa-e-novembro-azul\/\">Campanha Outubro Rosa e Novembro Azul<\/a><\/h3><div class=\"desc\">...<\/div><div class=\"sep\"><\/div><div class=\"bottom-wrap\">            <div class=\"url-wrap\">\n                <a class=\"master-link  icon-none\" href=\"https:\/\/iapcneves.org.br\/novo\/2024\/09\/30\/campanha-outubro-rosa-e-novembro-azul\/\">\n                                        <span>Read More<\/span>\n                                    <\/a>\n            <\/div>\n\n            <div class=\"post-meta\"><\/div><\/div><\/div>        \n                            <\/div>\n                        <\/div>\n                    \n                        <div class=\"cbp-item\">\n                            <div class=\"master-news item-carousel\">\n                                <div class=\"image-wrap\"><a class=\"thumb\" href=\"https:\/\/iapcneves.org.br\/novo\/2024\/09\/30\/balanco-doacoes-natal\/\" aria-label=\"Balan\u00e7o Doa\u00e7\u00f5es Natal\"><span class=\"inner\"><img width=\"370\" height=\"200\" src=\"https:\/\/iapcneves.org.br\/novo\/wp-content\/uploads\/2024\/09\/Image3-1200-370x200.jpg\" class=\"attachment-mae-news size-mae-news wp-post-image\" alt=\"\" decoding=\"async\" \/><\/span><\/a><\/div><div class=\"content-wrap\"><div class=\"post-meta\">                <span class=\"post-meta-categories item\">                <a href=\"https:\/\/iapcneves.org.br\/novo\/category\/informativos\/\" rel=\"category tag\">Informativos<\/a>                <\/span>\n            <\/div><h3 class=\"headline-2\"><a href=\"https:\/\/iapcneves.org.br\/novo\/2024\/09\/30\/balanco-doacoes-natal\/\">Balan\u00e7o Doa\u00e7\u00f5es Natal<\/a><\/h3><div class=\"desc\">Saiba mais sobre nosso balan\u00e7o de doa\u00e7\u00f5es no ano de...<\/div><div class=\"sep\"><\/div><div class=\"bottom-wrap\">            <div class=\"url-wrap\">\n                <a class=\"master-link  icon-none\" href=\"https:\/\/iapcneves.org.br\/novo\/2024\/09\/30\/balanco-doacoes-natal\/\">\n                                        <span>Read More<\/span>\n                                    <\/a>\n            <\/div>\n\n            <div class=\"post-meta\"><\/div><\/div><\/div>        \n                            <\/div>\n                        <\/div>\n                                <\/div><!-- galleries -->\n        <\/div><!-- master-portfolio -->\n        \t\t<\/div>\n\t\t\t\t<\/div>\n\t\t\t\t<div class=\"elementor-element elementor-element-e78a706 elementor-widget elementor-widget-spacer\" data-id=\"e78a706\" data-element_type=\"widget\" data-widget_type=\"spacer.default\">\n\t\t\t\t<div class=\"elementor-widget-container\">\n\t\t\t\t\t<div class=\"elementor-spacer\">\n\t\t\t<div class=\"elementor-spacer-inner\"><\/div>\n\t\t<\/div>\n\t\t\t\t<\/div>\n\t\t\t\t<\/div>\n\t\t\t\t\t<\/div>\n\t\t<\/div>\n\t\t\t\t\t<\/div>\n\t\t<\/section>\n\t\t\t\t<\/div>\n\t\t","protected":false},"excerpt":{"rendered":"<p>Construction and Engineering \u2014 News and Insights. View recent Construction and Engineering product announcements, updates, and more. Solar Power The Trina Solar\u2019s 210 PERC cell reaches record 24% efficiency Architecture and Engineering studio Foster + Partners has won planning&#8230; Read More Renewable Energy The urgency of advancing battery storage for<\/p>\n","protected":false},"author":1,"featured_media":0,"parent":0,"menu_order":0,"comment_status":"closed","ping_status":"closed","template":"","meta":{"inline_featured_image":false},"_links":{"self":[{"href":"https:\/\/iapcneves.org.br\/novo\/wp-json\/wp\/v2\/pages\/3976"}],"collection":[{"href":"https:\/\/iapcneves.org.br\/novo\/wp-json\/wp\/v2\/pages"}],"about":[{"href":"https:\/\/iapcneves.org.br\/novo\/wp-json\/wp\/v2\/types\/page"}],"author":[{"embeddable":true,"href":"https:\/\/iapcneves.org.br\/novo\/wp-json\/wp\/v2\/users\/1"}],"replies":[{"embeddable":true,"href":"https:\/\/iapcneves.org.br\/novo\/wp-json\/wp\/v2\/comments?post=3976"}],"version-history":[{"count":0,"href":"https:\/\/iapcneves.org.br\/novo\/wp-json\/wp\/v2\/pages\/3976\/revisions"}],"wp:attachment":[{"href":"https:\/\/iapcneves.org.br\/novo\/wp-json\/wp\/v2\/media?parent=3976"}],"curies":[{"name":"wp","href":"https:\/\/api.w.org\/{rel}","templated":true}]}}